{"id":2,"date":"2023-10-19T15:15:11","date_gmt":"2023-10-19T15:15:11","guid":{"rendered":"https:\/\/matijavertovec.si\/?page_id=2"},"modified":"2024-03-07T15:22:11","modified_gmt":"2024-03-07T14:22:11","slug":"sample-page","status":"publish","type":"page","link":"https:\/\/matijavertovec.si\/","title":{"rendered":"DRU\u0160TVO MATIJA VERTOVEC"},"content":{"rendered":"\n<p class=\"has-text-align-justify\"><br><strong>Namen dru\u0161tva je spodbujanje vsestranskega razvoja obmo\u010dja zgornje Vipavske doline. Glavna dejavnost dru\u0161tva pa je organizacija tradicionalnega pohoda Po Vertov\u010devih poteh.<\/strong><\/p>\n\n\n\n<p class=\"has-text-align-justify\" id=\"block-6af36c69-4c77-47b6-b1e9-4081a4103011\">\u010clani dru\u0161tva skrbijo, da so steze in poti, po katerih poteka Pohod po Vertov\u010devih poteh, stalno normalno prehodne, ustrezno ozna\u010dene in na izbranih mestih opremljene z informacijskimi tablami, oziroma drugimi na\u010dini obve\u0161\u010danja pohodnikov.<br><br>Dru\u0161tvo se trudi na razli\u010dne na\u010dine (predavanja, razstave, posveti, sre\u010danja) ohranjati spomin na&nbsp;<a href=\"http:\/\/www.ajdovscina.si\/ajdovscina\/zgodovina\/pomembne_osebnosti\/2012071009091294\/\">Matijo Vertovca<\/a>, hkrati pa ohranja, neguje, vzpodbuja in pomaga pri posodabljanju opravil pri vinogradni\u0161tvu, vinarstvu in kletarstvu. Aktivno se vklju\u010duje v vse organizirane oblike dela in ravnanja pri odkrivanju in &nbsp;varovanju kulturne ter naravne dedi\u0161\u010dine obmo\u010dja, na katerem dru\u0161tvo deluje.<br><br>Odprto je za razli\u010dna sodelovanja ter se z veseljem udele\u017euje povabil. Ob skrbi za ohranjanje tradicije, predvsem pa naravne dedi\u0161\u010dine obmo\u010dja, na katerem deluje, hkrati zdru\u017euje stare navade s sodobnimi standardi in trendi. Ponuja pomo\u010d pri tr\u017eenju ponudnikom iz obmo\u010dja pohoda ter se trudi za promocijo celotnega obmo\u010dja ob\u010dine Ajdov\u0161\u010dina.<\/p>\n\n\n\n<p>\ufeff<\/p>\n\n\n\n<div class=\"wp-block-jetpack-slideshow aligncenter\" data-autoplay=\"true\" data-delay=\"3\" data-effect=\"slide\"><div class=\"wp-block-jetpack-slideshow_container swiper-container\"><ul class=\"wp-block-jetpack-slideshow_swiper-wrapper swiper-wrapper\"><li class=\"wp-block-jetpack-slideshow_slide swiper-slide\"><figure><img loading=\"lazy\" decoding=\"async\" width=\"1024\" height=\"679\" alt=\"\" class=\"wp-block-jetpack-slideshow_image wp-image-71\" data-id=\"71\" src=\"https:\/\/matijavertovec.si\/wp-content\/uploads\/2023\/10\/letalsko-planina-panorama-proti-cavnu-59235bbc812ccecfc-1024x679.jpg\" srcset=\"https:\/\/matijavertovec.si\/wp-content\/uploads\/2023\/10\/letalsko-planina-panorama-proti-cavnu-59235bbc812ccecfc-1024x679.jpg 1024w, https:\/\/matijavertovec.si\/wp-content\/uploads\/2023\/10\/letalsko-planina-panorama-proti-cavnu-59235bbc812ccecfc-300x199.jpg 300w, https:\/\/matijavertovec.si\/wp-content\/uploads\/2023\/10\/letalsko-planina-panorama-proti-cavnu-59235bbc812ccecfc-768x509.jpg 768w, https:\/\/matijavertovec.si\/wp-content\/uploads\/2023\/10\/letalsko-planina-panorama-proti-cavnu-59235bbc812ccecfc-1536x1018.jpg 1536w, https:\/\/matijavertovec.si\/wp-content\/uploads\/2023\/10\/letalsko-planina-panorama-proti-cavnu-59235bbc812ccecfc-2048x1357.jpg 2048w, https:\/\/matijavertovec.si\/wp-content\/uploads\/2023\/10\/letalsko-planina-panorama-proti-cavnu-59235bbc812ccecfc-685x454.jpg 685w, https:\/\/matijavertovec.si\/wp-content\/uploads\/2023\/10\/letalsko-planina-panorama-proti-cavnu-59235bbc812ccecfc-2000x1326.jpg 2000w, https:\/\/matijavertovec.si\/wp-content\/uploads\/2023\/10\/letalsko-planina-panorama-proti-cavnu-59235bbc812ccecfc-342x228.jpg 342w\" sizes=\"auto, (max-width: 1024px) 100vw, 1024px\" \/><\/figure><\/li><li class=\"wp-block-jetpack-slideshow_slide swiper-slide\"><figure><img loading=\"lazy\" decoding=\"async\" width=\"1024\" height=\"768\" alt=\"\" class=\"wp-block-jetpack-slideshow_image wp-image-333\" data-id=\"333\" src=\"https:\/\/matijavertovec.si\/wp-content\/uploads\/2023\/12\/20231119_124125-1024x768.jpg\" srcset=\"https:\/\/matijavertovec.si\/wp-content\/uploads\/2023\/12\/20231119_124125-1024x768.jpg 1024w, https:\/\/matijavertovec.si\/wp-content\/uploads\/2023\/12\/20231119_124125-300x225.jpg 300w, https:\/\/matijavertovec.si\/wp-content\/uploads\/2023\/12\/20231119_124125-768x576.jpg 768w, https:\/\/matijavertovec.si\/wp-content\/uploads\/2023\/12\/20231119_124125-1536x1152.jpg 1536w, https:\/\/matijavertovec.si\/wp-content\/uploads\/2023\/12\/20231119_124125-2048x1536.jpg 2048w, https:\/\/matijavertovec.si\/wp-content\/uploads\/2023\/12\/20231119_124125-685x514.jpg 685w, https:\/\/matijavertovec.si\/wp-content\/uploads\/2023\/12\/20231119_124125-2000x1500.jpg 2000w\" sizes=\"auto, (max-width: 1024px) 100vw, 1024px\" \/><\/figure><\/li><li class=\"wp-block-jetpack-slideshow_slide swiper-slide\"><figure><img loading=\"lazy\" decoding=\"async\" width=\"1024\" height=\"768\" alt=\"\" class=\"wp-block-jetpack-slideshow_image wp-image-332\" data-id=\"332\" src=\"https:\/\/matijavertovec.si\/wp-content\/uploads\/2023\/12\/20231119_121102-1024x768.jpg\" srcset=\"https:\/\/matijavertovec.si\/wp-content\/uploads\/2023\/12\/20231119_121102-1024x768.jpg 1024w, https:\/\/matijavertovec.si\/wp-content\/uploads\/2023\/12\/20231119_121102-300x225.jpg 300w, https:\/\/matijavertovec.si\/wp-content\/uploads\/2023\/12\/20231119_121102-768x576.jpg 768w, https:\/\/matijavertovec.si\/wp-content\/uploads\/2023\/12\/20231119_121102-1536x1152.jpg 1536w, https:\/\/matijavertovec.si\/wp-content\/uploads\/2023\/12\/20231119_121102-2048x1536.jpg 2048w, https:\/\/matijavertovec.si\/wp-content\/uploads\/2023\/12\/20231119_121102-685x514.jpg 685w, https:\/\/matijavertovec.si\/wp-content\/uploads\/2023\/12\/20231119_121102-2000x1500.jpg 2000w\" sizes=\"auto, (max-width: 1024px) 100vw, 1024px\" \/><\/figure><\/li><li class=\"wp-block-jetpack-slideshow_slide swiper-slide\"><figure><img loading=\"lazy\" decoding=\"async\" width=\"1024\" height=\"768\" alt=\"\" class=\"wp-block-jetpack-slideshow_image wp-image-331\" data-id=\"331\" src=\"https:\/\/matijavertovec.si\/wp-content\/uploads\/2023\/12\/20231119_085101-1024x768.jpg\" srcset=\"https:\/\/matijavertovec.si\/wp-content\/uploads\/2023\/12\/20231119_085101-1024x768.jpg 1024w, https:\/\/matijavertovec.si\/wp-content\/uploads\/2023\/12\/20231119_085101-300x225.jpg 300w, https:\/\/matijavertovec.si\/wp-content\/uploads\/2023\/12\/20231119_085101-768x576.jpg 768w, https:\/\/matijavertovec.si\/wp-content\/uploads\/2023\/12\/20231119_085101-1536x1152.jpg 1536w, https:\/\/matijavertovec.si\/wp-content\/uploads\/2023\/12\/20231119_085101-2048x1536.jpg 2048w, https:\/\/matijavertovec.si\/wp-content\/uploads\/2023\/12\/20231119_085101-685x514.jpg 685w, https:\/\/matijavertovec.si\/wp-content\/uploads\/2023\/12\/20231119_085101-2000x1500.jpg 2000w\" sizes=\"auto, (max-width: 1024px) 100vw, 1024px\" \/><\/figure><\/li><li class=\"wp-block-jetpack-slideshow_slide swiper-slide\"><figure><img loading=\"lazy\" decoding=\"async\" width=\"1024\" height=\"768\" alt=\"\" class=\"wp-block-jetpack-slideshow_image wp-image-336\" data-id=\"336\" src=\"https:\/\/matijavertovec.si\/wp-content\/uploads\/2023\/12\/20231119_083147-1024x768.jpg\" srcset=\"https:\/\/matijavertovec.si\/wp-content\/uploads\/2023\/12\/20231119_083147-1024x768.jpg 1024w, https:\/\/matijavertovec.si\/wp-content\/uploads\/2023\/12\/20231119_083147-300x225.jpg 300w, https:\/\/matijavertovec.si\/wp-content\/uploads\/2023\/12\/20231119_083147-768x576.jpg 768w, https:\/\/matijavertovec.si\/wp-content\/uploads\/2023\/12\/20231119_083147-1536x1152.jpg 1536w, https:\/\/matijavertovec.si\/wp-content\/uploads\/2023\/12\/20231119_083147-2048x1536.jpg 2048w, https:\/\/matijavertovec.si\/wp-content\/uploads\/2023\/12\/20231119_083147-685x514.jpg 685w, https:\/\/matijavertovec.si\/wp-content\/uploads\/2023\/12\/20231119_083147-2000x1500.jpg 2000w\" sizes=\"auto, (max-width: 1024px) 100vw, 1024px\" \/><\/figure><\/li><li class=\"wp-block-jetpack-slideshow_slide swiper-slide\"><figure><img loading=\"lazy\" decoding=\"async\" width=\"696\" height=\"524\" alt=\"\" class=\"wp-block-jetpack-slideshow_image wp-image-402\" data-id=\"402\" src=\"https:\/\/matijavertovec.si\/wp-content\/uploads\/2024\/03\/512521.jpg\" srcset=\"https:\/\/matijavertovec.si\/wp-content\/uploads\/2024\/03\/512521.jpg 696w, https:\/\/matijavertovec.si\/wp-content\/uploads\/2024\/03\/512521-300x226.jpg 300w, https:\/\/matijavertovec.si\/wp-content\/uploads\/2024\/03\/512521-685x516.jpg 685w\" sizes=\"auto, (max-width: 696px) 100vw, 696px\" \/><\/figure><\/li><li class=\"wp-block-jetpack-slideshow_slide swiper-slide\"><figure><img loading=\"lazy\" decoding=\"async\" width=\"693\" height=\"463\" alt=\"\" class=\"wp-block-jetpack-slideshow_image wp-image-394\" data-id=\"394\" src=\"https:\/\/matijavertovec.si\/wp-content\/uploads\/2024\/03\/43.jpg\" srcset=\"https:\/\/matijavertovec.si\/wp-content\/uploads\/2024\/03\/43.jpg 693w, https:\/\/matijavertovec.si\/wp-content\/uploads\/2024\/03\/43-300x200.jpg 300w, https:\/\/matijavertovec.si\/wp-content\/uploads\/2024\/03\/43-685x458.jpg 685w, https:\/\/matijavertovec.si\/wp-content\/uploads\/2024\/03\/43-342x228.jpg 342w\" sizes=\"auto, (max-width: 693px) 100vw, 693px\" \/><\/figure><\/li><li class=\"wp-block-jetpack-slideshow_slide swiper-slide\"><figure><img loading=\"lazy\" decoding=\"async\" width=\"693\" height=\"463\" alt=\"\" class=\"wp-block-jetpack-slideshow_image wp-image-393\" data-id=\"393\" src=\"https:\/\/matijavertovec.si\/wp-content\/uploads\/2024\/03\/42.jpg\" srcset=\"https:\/\/matijavertovec.si\/wp-content\/uploads\/2024\/03\/42.jpg 693w, https:\/\/matijavertovec.si\/wp-content\/uploads\/2024\/03\/42-300x200.jpg 300w, https:\/\/matijavertovec.si\/wp-content\/uploads\/2024\/03\/42-685x458.jpg 685w, https:\/\/matijavertovec.si\/wp-content\/uploads\/2024\/03\/42-342x228.jpg 342w\" sizes=\"auto, (max-width: 693px) 100vw, 693px\" \/><\/figure><\/li><li class=\"wp-block-jetpack-slideshow_slide swiper-slide\"><figure><img loading=\"lazy\" decoding=\"async\" width=\"673\" height=\"505\" alt=\"\" class=\"wp-block-jetpack-slideshow_image wp-image-395\" data-id=\"395\" src=\"https:\/\/matijavertovec.si\/wp-content\/uploads\/2024\/03\/52.jpg\" srcset=\"https:\/\/matijavertovec.si\/wp-content\/uploads\/2024\/03\/52.jpg 673w, https:\/\/matijavertovec.si\/wp-content\/uploads\/2024\/03\/52-300x225.jpg 300w\" sizes=\"auto, (max-width: 673px) 100vw, 673px\" \/><\/figure><\/li><li class=\"wp-block-jetpack-slideshow_slide swiper-slide\"><figure><img loading=\"lazy\" decoding=\"async\" width=\"685\" height=\"514\" alt=\"\" class=\"wp-block-jetpack-slideshow_image wp-image-387\" data-id=\"387\" src=\"https:\/\/matijavertovec.si\/wp-content\/uploads\/2024\/03\/12.jpg\" srcset=\"https:\/\/matijavertovec.si\/wp-content\/uploads\/2024\/03\/12.jpg 685w, https:\/\/matijavertovec.si\/wp-content\/uploads\/2024\/03\/12-300x225.jpg 300w\" sizes=\"auto, (max-width: 685px) 100vw, 685px\" \/><\/figure><\/li><li class=\"wp-block-jetpack-slideshow_slide swiper-slide\"><figure><img loading=\"lazy\" decoding=\"async\" width=\"684\" height=\"513\" alt=\"\" class=\"wp-block-jetpack-slideshow_image wp-image-386\" data-id=\"386\" src=\"https:\/\/matijavertovec.si\/wp-content\/uploads\/2024\/03\/11.jpg\" srcset=\"https:\/\/matijavertovec.si\/wp-content\/uploads\/2024\/03\/11.jpg 684w, https:\/\/matijavertovec.si\/wp-content\/uploads\/2024\/03\/11-300x225.jpg 300w\" sizes=\"auto, (max-width: 684px) 100vw, 684px\" \/><\/figure><\/li><li class=\"wp-block-jetpack-slideshow_slide swiper-slide\"><figure><img loading=\"lazy\" decoding=\"async\" width=\"693\" height=\"463\" alt=\"\" class=\"wp-block-jetpack-slideshow_image wp-image-389\" data-id=\"389\" src=\"https:\/\/matijavertovec.si\/wp-content\/uploads\/2024\/03\/22.jpg\" srcset=\"https:\/\/matijavertovec.si\/wp-content\/uploads\/2024\/03\/22.jpg 693w, https:\/\/matijavertovec.si\/wp-content\/uploads\/2024\/03\/22-300x200.jpg 300w, https:\/\/matijavertovec.si\/wp-content\/uploads\/2024\/03\/22-685x458.jpg 685w, https:\/\/matijavertovec.si\/wp-content\/uploads\/2024\/03\/22-342x228.jpg 342w\" sizes=\"auto, (max-width: 693px) 100vw, 693px\" \/><\/figure><\/li><li class=\"wp-block-jetpack-slideshow_slide swiper-slide\"><figure><img loading=\"lazy\" decoding=\"async\" width=\"672\" height=\"504\" alt=\"\" class=\"wp-block-jetpack-slideshow_image wp-image-388\" data-id=\"388\" src=\"https:\/\/matijavertovec.si\/wp-content\/uploads\/2024\/03\/13.jpg\" srcset=\"https:\/\/matijavertovec.si\/wp-content\/uploads\/2024\/03\/13.jpg 672w, https:\/\/matijavertovec.si\/wp-content\/uploads\/2024\/03\/13-300x225.jpg 300w\" sizes=\"auto, (max-width: 672px) 100vw, 672px\" \/><\/figure><\/li><li class=\"wp-block-jetpack-slideshow_slide swiper-slide\"><figure><img loading=\"lazy\" decoding=\"async\" width=\"861\" height=\"646\" alt=\"\" class=\"wp-block-jetpack-slideshow_image wp-image-384\" data-id=\"384\" src=\"https:\/\/matijavertovec.si\/wp-content\/uploads\/2024\/03\/5.jpg\" srcset=\"https:\/\/matijavertovec.si\/wp-content\/uploads\/2024\/03\/5.jpg 861w, https:\/\/matijavertovec.si\/wp-content\/uploads\/2024\/03\/5-300x225.jpg 300w, https:\/\/matijavertovec.si\/wp-content\/uploads\/2024\/03\/5-768x576.jpg 768w, https:\/\/matijavertovec.si\/wp-content\/uploads\/2024\/03\/5-685x514.jpg 685w\" sizes=\"auto, (max-width: 861px) 100vw, 861px\" \/><\/figure><\/li><li class=\"wp-block-jetpack-slideshow_slide swiper-slide\"><figure><img loading=\"lazy\" decoding=\"async\" width=\"692\" height=\"519\" alt=\"\" class=\"wp-block-jetpack-slideshow_image wp-image-390\" data-id=\"390\" src=\"https:\/\/matijavertovec.si\/wp-content\/uploads\/2024\/03\/24.jpg\" srcset=\"https:\/\/matijavertovec.si\/wp-content\/uploads\/2024\/03\/24.jpg 692w, https:\/\/matijavertovec.si\/wp-content\/uploads\/2024\/03\/24-300x225.jpg 300w, https:\/\/matijavertovec.si\/wp-content\/uploads\/2024\/03\/24-685x514.jpg 685w\" sizes=\"auto, (max-width: 692px) 100vw, 692px\" \/><\/figure><\/li><li class=\"wp-block-jetpack-slideshow_slide swiper-slide\"><figure><img loading=\"lazy\" decoding=\"async\" width=\"692\" height=\"519\" alt=\"\" class=\"wp-block-jetpack-slideshow_image wp-image-391\" data-id=\"391\" src=\"https:\/\/matijavertovec.si\/wp-content\/uploads\/2024\/03\/32.jpg\" srcset=\"https:\/\/matijavertovec.si\/wp-content\/uploads\/2024\/03\/32.jpg 692w, https:\/\/matijavertovec.si\/wp-content\/uploads\/2024\/03\/32-300x225.jpg 300w, https:\/\/matijavertovec.si\/wp-content\/uploads\/2024\/03\/32-685x514.jpg 685w\" sizes=\"auto, (max-width: 692px) 100vw, 692px\" \/><\/figure><\/li><li class=\"wp-block-jetpack-slideshow_slide swiper-slide\"><figure><img loading=\"lazy\" decoding=\"async\" width=\"681\" height=\"510\" alt=\"\" class=\"wp-block-jetpack-slideshow_image wp-image-381\" data-id=\"381\" src=\"https:\/\/matijavertovec.si\/wp-content\/uploads\/2024\/03\/2.jpg\" srcset=\"https:\/\/matijavertovec.si\/wp-content\/uploads\/2024\/03\/2.jpg 681w, https:\/\/matijavertovec.si\/wp-content\/uploads\/2024\/03\/2-300x225.jpg 300w\" sizes=\"auto, (max-width: 681px) 100vw, 681px\" \/><\/figure><\/li><li class=\"wp-block-jetpack-slideshow_slide swiper-slide\"><figure><img loading=\"lazy\" decoding=\"async\" width=\"686\" height=\"515\" alt=\"\" class=\"wp-block-jetpack-slideshow_image wp-image-396\" data-id=\"396\" src=\"https:\/\/matijavertovec.si\/wp-content\/uploads\/2024\/03\/112.jpg\" srcset=\"https:\/\/matijavertovec.si\/wp-content\/uploads\/2024\/03\/112.jpg 686w, https:\/\/matijavertovec.si\/wp-content\/uploads\/2024\/03\/112-300x225.jpg 300w\" sizes=\"auto, (max-width: 686px) 100vw, 686px\" \/><\/figure><\/li><li class=\"wp-block-jetpack-slideshow_slide swiper-slide\"><figure><img loading=\"lazy\" decoding=\"async\" width=\"691\" height=\"461\" alt=\"\" class=\"wp-block-jetpack-slideshow_image wp-image-392\" data-id=\"392\" src=\"https:\/\/matijavertovec.si\/wp-content\/uploads\/2024\/03\/41.jpg\" srcset=\"https:\/\/matijavertovec.si\/wp-content\/uploads\/2024\/03\/41.jpg 691w, https:\/\/matijavertovec.si\/wp-content\/uploads\/2024\/03\/41-300x200.jpg 300w, https:\/\/matijavertovec.si\/wp-content\/uploads\/2024\/03\/41-685x457.jpg 685w, https:\/\/matijavertovec.si\/wp-content\/uploads\/2024\/03\/41-342x228.jpg 342w\" sizes=\"auto, (max-width: 691px) 100vw, 691px\" \/><\/figure><\/li><li class=\"wp-block-jetpack-slideshow_slide swiper-slide\"><figure><img loading=\"lazy\" decoding=\"async\" width=\"692\" height=\"519\" alt=\"\" class=\"wp-block-jetpack-slideshow_image wp-image-399\" data-id=\"399\" src=\"https:\/\/matijavertovec.si\/wp-content\/uploads\/2024\/03\/521.jpg\" srcset=\"https:\/\/matijavertovec.si\/wp-content\/uploads\/2024\/03\/521.jpg 692w, https:\/\/matijavertovec.si\/wp-content\/uploads\/2024\/03\/521-300x225.jpg 300w, https:\/\/matijavertovec.si\/wp-content\/uploads\/2024\/03\/521-685x514.jpg 685w\" sizes=\"auto, (max-width: 692px) 100vw, 692px\" \/><\/figure><\/li><li class=\"wp-block-jetpack-slideshow_slide swiper-slide\"><figure><img loading=\"lazy\" decoding=\"async\" width=\"649\" height=\"487\" alt=\"\" class=\"wp-block-jetpack-slideshow_image wp-image-398\" data-id=\"398\" src=\"https:\/\/matijavertovec.si\/wp-content\/uploads\/2024\/03\/421.jpg\" srcset=\"https:\/\/matijavertovec.si\/wp-content\/uploads\/2024\/03\/421.jpg 649w, https:\/\/matijavertovec.si\/wp-content\/uploads\/2024\/03\/421-300x225.jpg 300w\" sizes=\"auto, (max-width: 649px) 100vw, 649px\" \/><\/figure><\/li><li class=\"wp-block-jetpack-slideshow_slide swiper-slide\"><figure><img loading=\"lazy\" decoding=\"async\" width=\"800\" height=\"533\" alt=\"\" class=\"wp-block-jetpack-slideshow_image wp-image-397\" data-id=\"397\" src=\"https:\/\/matijavertovec.si\/wp-content\/uploads\/2024\/03\/321.jpg\" srcset=\"https:\/\/matijavertovec.si\/wp-content\/uploads\/2024\/03\/321.jpg 800w, https:\/\/matijavertovec.si\/wp-content\/uploads\/2024\/03\/321-300x200.jpg 300w, https:\/\/matijavertovec.si\/wp-content\/uploads\/2024\/03\/321-768x512.jpg 768w, https:\/\/matijavertovec.si\/wp-content\/uploads\/2024\/03\/321-685x456.jpg 685w, https:\/\/matijavertovec.si\/wp-content\/uploads\/2024\/03\/321-342x228.jpg 342w\" sizes=\"auto, (max-width: 800px) 100vw, 800px\" \/><\/figure><\/li><\/ul><a class=\"wp-block-jetpack-slideshow_button-prev swiper-button-prev swiper-button-white\" role=\"button\"><\/a><a class=\"wp-block-jetpack-slideshow_button-next swiper-button-next swiper-button-white\" role=\"button\"><\/a><a aria-label=\"Pause Slideshow\" class=\"wp-block-jetpack-slideshow_button-pause\" role=\"button\"><\/a><div class=\"wp-block-jetpack-slideshow_pagination swiper-pagination swiper-pagination-white\"><\/div><\/div><\/div>\n","protected":false},"excerpt":{"rendered":"<p>Namen dru\u0161tva je spodbujanje vsestranskega razvoja obmo\u010dja zgornje Vipavske doline. Glavna dejavnost dru\u0161tva pa je organizacija tradicionalnega pohoda Po Vertov\u010devih poteh. \u010clani dru\u0161tva skrbijo, da so steze in poti, po katerih poteka Pohod po Vertov\u010devih poteh, stalno normalno prehodne, ustrezno ozna\u010dene in na izbranih mestih opremljene z informacijskimi tablami, oziroma drugimi na\u010dini obve\u0161\u010danja pohodnikov. Dru\u0161tvo &hellip; <a href=\"https:\/\/matijavertovec.si\/\" class=\"more-link\">Preberi ve\u010d <span class=\"screen-reader-text\">DRU\u0160TVO MATIJA VERTOVEC<\/span><\/a><\/p>\n","protected":false},"author":1,"featured_media":0,"parent":0,"menu_order":0,"comment_status":"closed","ping_status":"open","template":"","meta":{"ngg_post_thumbnail":0,"footnotes":""},"class_list":["post-2","page","type-page","status-publish","hentry"],"jetpack_sharing_enabled":true,"_links":{"self":[{"href":"https:\/\/matijavertovec.si\/index.php\/wp-json\/wp\/v2\/pages\/2","targetHints":{"allow":["GET"]}}],"collection":[{"href":"https:\/\/matijavertovec.si\/index.php\/wp-json\/wp\/v2\/pages"}],"about":[{"href":"https:\/\/matijavertovec.si\/index.php\/wp-json\/wp\/v2\/types\/page"}],"author":[{"embeddable":true,"href":"https:\/\/matijavertovec.si\/index.php\/wp-json\/wp\/v2\/users\/1"}],"replies":[{"embeddable":true,"href":"https:\/\/matijavertovec.si\/index.php\/wp-json\/wp\/v2\/comments?post=2"}],"version-history":[{"count":18,"href":"https:\/\/matijavertovec.si\/index.php\/wp-json\/wp\/v2\/pages\/2\/revisions"}],"predecessor-version":[{"id":438,"href":"https:\/\/matijavertovec.si\/index.php\/wp-json\/wp\/v2\/pages\/2\/revisions\/438"}],"wp:attachment":[{"href":"https:\/\/matijavertovec.si\/index.php\/wp-json\/wp\/v2\/media?parent=2"}],"curies":[{"name":"wp","href":"https:\/\/api.w.org\/{rel}","templated":true}]}}