{"id":216,"date":"2023-11-10T14:25:37","date_gmt":"2023-11-10T13:25:37","guid":{"rendered":"https:\/\/matijavertovec.si\/?page_id=216"},"modified":"2023-11-10T15:57:31","modified_gmt":"2023-11-10T14:57:31","slug":"matija-vertovec","status":"publish","type":"page","link":"https:\/\/matijavertovec.si\/index.php\/sample-page\/matija-vertovec\/","title":{"rendered":"MATIJA VERTOVEC"},"content":{"rendered":"\n<p class=\"has-large-font-size\"><strong>Matija Vertovec &#8211; duhovnik, poljudnoznanstveni pisec in u\u010ditelj vipavskih vinogradnikov<\/strong><\/p>\n\n\n\n<figure class=\"wp-block-image size-full is-resized\"><img loading=\"lazy\" decoding=\"async\" width=\"698\" height=\"349\" src=\"https:\/\/matijavertovec.si\/wp-content\/uploads\/2023\/11\/image-5.png\" alt=\"\" class=\"wp-image-222\" style=\"width:781px;height:auto\" srcset=\"https:\/\/matijavertovec.si\/wp-content\/uploads\/2023\/11\/image-5.png 698w, https:\/\/matijavertovec.si\/wp-content\/uploads\/2023\/11\/image-5-300x150.png 300w, https:\/\/matijavertovec.si\/wp-content\/uploads\/2023\/11\/image-5-685x343.png 685w\" sizes=\"auto, (max-width: 698px) 100vw, 698px\" \/><\/figure>\n\n\n\n<p class=\"has-text-align-justify\"><br><strong>Eden najpomembnej\u0161ih slovenskih strokovnih piscev 19. stoletja, Matija Vertovec (Vrtovicz, Vertovc, Vrtovec, Vertouz) se je rodil 28. januarja 1784 v zaselku Jakulini pri \u0160marjah na Vipavskem. V duhovnika je bil posve\u010den leta 1807 v Gorici, kasneje pa je slu\u017enoval v Vipavi, na Planini in v \u0160ent Vidu, v dana\u0161njem Podnanosu, kjer je 2. septembra 1851 umrl.<\/strong><\/p>\n\n\n\n<p class=\"has-text-align-justify\">Vertovec je svoje \u017eivljenjsko poslanstvo uresni\u010deval z izobra\u017eevanjem ter moralno in versko vzgojo preprostih ljudi. Iz tega izhaja tudi njegov vsestranski opus.&nbsp;<strong>Prvi je v slovenskem jeziku pisal o vinogradni\u0161tvu, vinarstvu in kletarstvu<\/strong>&nbsp;(Vinoreja 1844),&nbsp;<strong>o uporabni kemiji<\/strong>&nbsp;(Kmetijska kemija, 1874),&nbsp;<strong>o astronomiji<\/strong>&nbsp;(Zvezdoslovje, 1847) in&nbsp;<strong>o splo\u0161ni svetovni zgodovini<\/strong>&nbsp;(Ob\u010da povestnica, 1863). Leta 1850 je izdal zbirko svojih pridig z naslovom&nbsp;<em>Shodni ogovori<\/em>&nbsp;in drobno, toda pomembno knji\u017eico&nbsp;<em>Sporo\u010dilo slovenskim vinorednikom<\/em>.<br><br>Slovstveni zgodovinarji utemeljeno domnevajo, da je&nbsp;<strong>Pre\u0161ernu dal pobudo za&nbsp;<\/strong><em><strong>Zdravljico<\/strong><\/em>,&nbsp;<strong>Petra Kozlarja pa vzpodbudil k izdelavi&nbsp;<\/strong><em><strong>Zemljevida slovenskih de\u017eel<\/strong><\/em>, ki je iz\u0161el leta 1853. Matija Vertovec je bil \u017ee za \u010das svojega \u017eivljenja cenjen in spo\u0161tovan zaradi svojega strokovnega dela in skrbi za majhnega \u010dloveka, njegove te\u017eave in pri\u010dakovanja.<\/p>\n","protected":false},"excerpt":{"rendered":"<p>Matija Vertovec &#8211; duhovnik, poljudnoznanstveni pisec in u\u010ditelj vipavskih vinogradnikov Eden najpomembnej\u0161ih slovenskih strokovnih piscev 19. stoletja, Matija Vertovec (Vrtovicz, Vertovc, Vrtovec, Vertouz) se je rodil 28. januarja 1784 v zaselku Jakulini pri \u0160marjah na Vipavskem. V duhovnika je bil posve\u010den leta 1807 v Gorici, kasneje pa je slu\u017enoval v Vipavi, na Planini in v &hellip; <a href=\"https:\/\/matijavertovec.si\/index.php\/sample-page\/matija-vertovec\/\" class=\"more-link\">Preberi ve\u010d <span class=\"screen-reader-text\">MATIJA VERTOVEC<\/span><\/a><\/p>\n","protected":false},"author":1,"featured_media":0,"parent":2,"menu_order":0,"comment_status":"closed","ping_status":"closed","template":"","meta":{"ngg_post_thumbnail":0,"footnotes":""},"class_list":["post-216","page","type-page","status-publish","hentry"],"jetpack_sharing_enabled":true,"_links":{"self":[{"href":"https:\/\/matijavertovec.si\/index.php\/wp-json\/wp\/v2\/pages\/216","targetHints":{"allow":["GET"]}}],"collection":[{"href":"https:\/\/matijavertovec.si\/index.php\/wp-json\/wp\/v2\/pages"}],"about":[{"href":"https:\/\/matijavertovec.si\/index.php\/wp-json\/wp\/v2\/types\/page"}],"author":[{"embeddable":true,"href":"https:\/\/matijavertovec.si\/index.php\/wp-json\/wp\/v2\/users\/1"}],"replies":[{"embeddable":true,"href":"https:\/\/matijavertovec.si\/index.php\/wp-json\/wp\/v2\/comments?post=216"}],"version-history":[{"count":3,"href":"https:\/\/matijavertovec.si\/index.php\/wp-json\/wp\/v2\/pages\/216\/revisions"}],"predecessor-version":[{"id":269,"href":"https:\/\/matijavertovec.si\/index.php\/wp-json\/wp\/v2\/pages\/216\/revisions\/269"}],"up":[{"embeddable":true,"href":"https:\/\/matijavertovec.si\/index.php\/wp-json\/wp\/v2\/pages\/2"}],"wp:attachment":[{"href":"https:\/\/matijavertovec.si\/index.php\/wp-json\/wp\/v2\/media?parent=216"}],"curies":[{"name":"wp","href":"https:\/\/api.w.org\/{rel}","templated":true}]}}