{"id":227,"date":"2023-11-10T14:33:52","date_gmt":"2023-11-10T13:33:52","guid":{"rendered":"https:\/\/matijavertovec.si\/?page_id=227"},"modified":"2023-11-10T16:33:38","modified_gmt":"2023-11-10T15:33:38","slug":"clanarnina-in-prijavnica","status":"publish","type":"page","link":"https:\/\/matijavertovec.si\/index.php\/clanarnina-in-prijavnica\/","title":{"rendered":"\u010cLANARNINA IN PRIJAVNICA"},"content":{"rendered":"\n<p><strong>Postanite \u010dlan na\u0161ega dru\u0161tva!<\/strong><br><strong><br>Pridru\u017eite se nam v ohranjanju naravne in kulturne dedi\u0161\u010dine Matija Vertovca.<\/strong><\/p>\n\n\n\n<p class=\"has-text-align-justify\">\u010clanstvo v dru\u0161tvu je prostovoljno, \u010dlan lahko postane vsak, ki se v\u010dlani v dru\u0161tvo, sogla\u0161a s Pravili zapisanimi v Statutu dru\u0161tva.<\/p>\n\n\n\n<p class=\"has-text-align-justify\"><strong>\u010cLANARINE NI.<\/strong><br><br>Vsa sredstva zbrana s prispevi in donacijami so namenjena delovanju dru\u0161tva. Vse delo \u010dlanov dru\u0161tva je prostovoljno.<br><br><a href=\"http:\/\/www.zeleniprstan.si\/uploads\/1\/0\/1\/6\/10163991\/vpisnica.docx\">Prijavnico<\/a>\u00a0lahko prinesete na sede\u017e dru\u0161tva v \u010dasu uradnih ur, jo po\u0161ljete po po\u0161ti na naslov dru\u0161tva ali jo po\u0161ljete po elektronski po\u0161ti.<\/p>\n","protected":false},"excerpt":{"rendered":"<p>Postanite \u010dlan na\u0161ega dru\u0161tva!Pridru\u017eite se nam v ohranjanju naravne in kulturne dedi\u0161\u010dine Matija Vertovca. \u010clanstvo v dru\u0161tvu je prostovoljno, \u010dlan lahko postane vsak, ki se v\u010dlani v dru\u0161tvo, sogla\u0161a s Pravili zapisanimi v Statutu dru\u0161tva. \u010cLANARINE NI. Vsa sredstva zbrana s prispevi in donacijami so namenjena delovanju dru\u0161tva. Vse delo \u010dlanov dru\u0161tva je prostovoljno. Prijavnico\u00a0lahko &hellip; <a href=\"https:\/\/matijavertovec.si\/index.php\/clanarnina-in-prijavnica\/\" class=\"more-link\">Preberi ve\u010d <span class=\"screen-reader-text\">\u010cLANARNINA IN PRIJAVNICA<\/span><\/a><\/p>\n","protected":false},"author":1,"featured_media":0,"parent":0,"menu_order":0,"comment_status":"closed","ping_status":"closed","template":"","meta":{"ngg_post_thumbnail":0,"footnotes":""},"class_list":["post-227","page","type-page","status-publish","hentry"],"jetpack_sharing_enabled":true,"_links":{"self":[{"href":"https:\/\/matijavertovec.si\/index.php\/wp-json\/wp\/v2\/pages\/227","targetHints":{"allow":["GET"]}}],"collection":[{"href":"https:\/\/matijavertovec.si\/index.php\/wp-json\/wp\/v2\/pages"}],"about":[{"href":"https:\/\/matijavertovec.si\/index.php\/wp-json\/wp\/v2\/types\/page"}],"author":[{"embeddable":true,"href":"https:\/\/matijavertovec.si\/index.php\/wp-json\/wp\/v2\/users\/1"}],"replies":[{"embeddable":true,"href":"https:\/\/matijavertovec.si\/index.php\/wp-json\/wp\/v2\/comments?post=227"}],"version-history":[{"count":5,"href":"https:\/\/matijavertovec.si\/index.php\/wp-json\/wp\/v2\/pages\/227\/revisions"}],"predecessor-version":[{"id":309,"href":"https:\/\/matijavertovec.si\/index.php\/wp-json\/wp\/v2\/pages\/227\/revisions\/309"}],"wp:attachment":[{"href":"https:\/\/matijavertovec.si\/index.php\/wp-json\/wp\/v2\/media?parent=227"}],"curies":[{"name":"wp","href":"https:\/\/api.w.org\/{rel}","templated":true}]}}