{"id":230,"date":"2023-11-10T14:35:06","date_gmt":"2023-11-10T13:35:06","guid":{"rendered":"https:\/\/matijavertovec.si\/?page_id=230"},"modified":"2023-11-10T15:17:35","modified_gmt":"2023-11-10T14:17:35","slug":"letni-program-dela-drustva","status":"publish","type":"page","link":"https:\/\/matijavertovec.si\/index.php\/letni-program-dela-drustva\/","title":{"rendered":"LETNI PROGRAM DELA DRU\u0160TVA"},"content":{"rendered":"\n<p class=\"has-medium-font-size\"><strong>PROGRAM DELA V LETU 2023<\/strong><\/p>\n\n\n\n<p class=\"has-text-align-justify\">Dru\u0161tvo Matija Vertovec bo v leto\u0161njem letu organiziralo 21. Pohod po Vertov\u010devih poteh, s \u010dimbolj bogatim programom, jasno v okviru sredstev, ki jih bomo pridobili na javnem razpisu. Priprave na pohod se pri\u010dnejo \u017ee v naslednjem mesecu, kjer se bomo na UO dogovorili o poteku pohoda in vzporednih dogajanj.<\/p>\n\n\n\n<p class=\"has-text-align-justify\">V pripravi je nov projekt POBUDE OB\u010cANOV ob\u010dine Ajdov\u0161\u010dina. V okviru tega bomo posku\u0161ali izbolj\u0161ati posamezne dele poti<\/p>\n\n\n\n<p class=\"has-text-align-justify\">Mesec dni pred pohodom je predvidena dru\u0161tvena delovna akcija z urejanjem pohodne poti.<\/p>\n\n\n\n<p class=\"has-text-align-justify\">Preko medijev, preko socialnih omre\u017eij in s pomo\u010djo drugih spletnih orodij, pa tudi osebno, bo potrebno po poletnih po\u010ditnicah ogromno narediti na obve\u0161\u010danju javnosti.<\/p>\n\n\n\n<p class=\"has-text-align-justify\">Za potrebna finan\u010dna sredstva smo se prijavili na ob\u010dinski razpis in uspeli sredstva pridobiti, da bomo lahko brez ve\u010djih te\u017eav pokrili stro\u0161ke, ki pri pohodu nastanejo.<\/p>\n\n\n\n<p class=\"has-text-align-justify\">Ve\u010d poudarka bo potrebno tudi dati na varovanje okolja s tem, da bomo morali zagotoviti okolju prijazno embala\u017eo<\/p>\n\n\n\n<p class=\"has-text-align-justify\">S strani ob\u010dine smo dobili tudi sredstva za pokrivanje stro\u0161kov vzdr\u017eevanja Vertov\u010deve sobe.<\/p>\n\n\n\n<p class=\"has-text-align-justify\">Prosil bi vse \u010dlane dru\u0161tva, kot tudi ostale podpornike dru\u0161tva, da tako kot do sedaj, tudi letos pomagajo pri organizaciji pohoda in pri ostalih aktivnostih.<\/p>\n","protected":false},"excerpt":{"rendered":"<p>PROGRAM DELA V LETU 2023 Dru\u0161tvo Matija Vertovec bo v leto\u0161njem letu organiziralo 21. Pohod po Vertov\u010devih poteh, s \u010dimbolj bogatim programom, jasno v okviru sredstev, ki jih bomo pridobili na javnem razpisu. Priprave na pohod se pri\u010dnejo \u017ee v naslednjem mesecu, kjer se bomo na UO dogovorili o poteku pohoda in vzporednih dogajanj. V &hellip; <a href=\"https:\/\/matijavertovec.si\/index.php\/letni-program-dela-drustva\/\" class=\"more-link\">Preberi ve\u010d <span class=\"screen-reader-text\">LETNI PROGRAM DELA DRU\u0160TVA<\/span><\/a><\/p>\n","protected":false},"author":1,"featured_media":0,"parent":0,"menu_order":0,"comment_status":"closed","ping_status":"closed","template":"","meta":{"ngg_post_thumbnail":0,"footnotes":""},"class_list":["post-230","page","type-page","status-publish","hentry"],"jetpack_sharing_enabled":true,"_links":{"self":[{"href":"https:\/\/matijavertovec.si\/index.php\/wp-json\/wp\/v2\/pages\/230","targetHints":{"allow":["GET"]}}],"collection":[{"href":"https:\/\/matijavertovec.si\/index.php\/wp-json\/wp\/v2\/pages"}],"about":[{"href":"https:\/\/matijavertovec.si\/index.php\/wp-json\/wp\/v2\/types\/page"}],"author":[{"embeddable":true,"href":"https:\/\/matijavertovec.si\/index.php\/wp-json\/wp\/v2\/users\/1"}],"replies":[{"embeddable":true,"href":"https:\/\/matijavertovec.si\/index.php\/wp-json\/wp\/v2\/comments?post=230"}],"version-history":[{"count":2,"href":"https:\/\/matijavertovec.si\/index.php\/wp-json\/wp\/v2\/pages\/230\/revisions"}],"predecessor-version":[{"id":272,"href":"https:\/\/matijavertovec.si\/index.php\/wp-json\/wp\/v2\/pages\/230\/revisions\/272"}],"wp:attachment":[{"href":"https:\/\/matijavertovec.si\/index.php\/wp-json\/wp\/v2\/media?parent=230"}],"curies":[{"name":"wp","href":"https:\/\/api.w.org\/{rel}","templated":true}]}}