{"id":242,"date":"2023-11-10T14:44:15","date_gmt":"2023-11-10T13:44:15","guid":{"rendered":"https:\/\/matijavertovec.si\/?page_id=242"},"modified":"2023-11-10T15:18:25","modified_gmt":"2023-11-10T14:18:25","slug":"o-poti","status":"publish","type":"page","link":"https:\/\/matijavertovec.si\/index.php\/o-poti\/","title":{"rendered":"O POTI"},"content":{"rendered":"\n<p><\/p>\n\n\n\n<p class=\"has-text-align-justify has-medium-font-size\"><strong>Pohod po Vertov\u010devih poteh je najbolj mno\u017ei\u010den organiziran pohod v Vipavski dolini, skozi vinograde in slikovite vipavske vasi, kjer vam bodo doma\u010dini postregli z odli\u010dnimi doma\u010dimi dobrotami.<\/strong><br><br><a href=\"https:\/\/www.vipavskadolina.si\/si\/splosno\/pohod-po-vertovcevih-poteh\">Pohod<\/a> &nbsp;poteka vsako leto, prvo nedeljo po martinovi nedelji. Pri\u010detek pohoda je med 7.00 in 9.00 pri hrastu pred vasjo Ustje&nbsp;ju\u017eno od Ajdov\u0161\u010dine.<\/p>\n\n\n\n<p class=\"has-text-align-justify\">Tradicionalni pohod po Vipavskih gri\u010dih nas pelje skozi vipavske vasi, kjer je delal in \u017eivel duhovnik Matija Vertovec, strokovni pisec in u\u010ditelj vipavskih vinogradnikov. Prvi je v slovenskem jeziku pisal o vinogradni\u0161tvu, vinarstvu in kletarstvu, leta 1844 je izdal knjigo Vinoreja. V cerkvah na Planini in v \u0160marjah na ta dan potekata jutranja in dopoldanska ma\u0161a. V \u0160marjah, pred spomenikom Matiji Vertovcu, je po ma\u0161i vselej slovesnost v po\u010dastitev tega pomembnega mo\u017ea, ki je mo\u010dno vplival na razvoj vinogradni\u0161tva v Sloveniji, posebej v Vipavski dolini.<\/p>\n\n\n\n<p class=\"has-text-align-justify\">Iz vasi Ustje poteka pot skozi Dolenje, preko Planine, kjer je Matija Vertovec slu\u017eboval, do \u0160marij, kjer je bil rojen, ter nazaj skozi Vrtov\u010de in Tev\u010de na izhodi\u0161\u010de na Ustjah. Ob poti je cela vrsta naravnih in kulturnih spomenikov. Opazujemo lahko nahajali\u0161\u010da fosilov ob Vipavi in lepote tipi\u010dnih vipavskih naselij, \u0161e posebej spomeni\u0161ko za\u0161\u010ditenega sredi\u0161\u010da vasi \u0160marje. Na razglednih to\u010dkah, na primer Ostrem vrhu, pa se odpre \u010dudovit pogled na Vipavsko dolino. Pot, ki je dobro ozna\u010dena, nas vodi skozi vinograde, ki so v tem \u010dasu odeti v \u010dudovite jesenske barve, v vaseh pa nas gostoljubno pri\u010dakajo doma\u010dini. Na stojnicah razstavijo svoje pridelke in pohodnike povabijo, da jih poskusijo. Ob koncu pohoda je v vasi Ustje organizirana kme\u010dka tr\u017enica z lokalnimi produkti.&nbsp;<\/p>\n\n\n\n<p class=\"has-text-align-justify\">Pot nam bo vzela pribli\u017eno pet ur, lahko pa tudi ve\u010d, \u010de se bomo ustavili v katerem od vinskih hramov, ki jih ob tej poti ne manjka.<\/p>\n","protected":false},"excerpt":{"rendered":"<p>Pohod po Vertov\u010devih poteh je najbolj mno\u017ei\u010den organiziran pohod v Vipavski dolini, skozi vinograde in slikovite vipavske vasi, kjer vam bodo doma\u010dini postregli z odli\u010dnimi doma\u010dimi dobrotami. Pohod &nbsp;poteka vsako leto, prvo nedeljo po martinovi nedelji. Pri\u010detek pohoda je med 7.00 in 9.00 pri hrastu pred vasjo Ustje&nbsp;ju\u017eno od Ajdov\u0161\u010dine. Tradicionalni pohod po Vipavskih gri\u010dih &hellip; <a href=\"https:\/\/matijavertovec.si\/index.php\/o-poti\/\" class=\"more-link\">Preberi ve\u010d <span class=\"screen-reader-text\">O POTI<\/span><\/a><\/p>\n","protected":false},"author":1,"featured_media":0,"parent":0,"menu_order":0,"comment_status":"closed","ping_status":"closed","template":"","meta":{"ngg_post_thumbnail":0,"footnotes":""},"class_list":["post-242","page","type-page","status-publish","hentry"],"jetpack_sharing_enabled":true,"_links":{"self":[{"href":"https:\/\/matijavertovec.si\/index.php\/wp-json\/wp\/v2\/pages\/242","targetHints":{"allow":["GET"]}}],"collection":[{"href":"https:\/\/matijavertovec.si\/index.php\/wp-json\/wp\/v2\/pages"}],"about":[{"href":"https:\/\/matijavertovec.si\/index.php\/wp-json\/wp\/v2\/types\/page"}],"author":[{"embeddable":true,"href":"https:\/\/matijavertovec.si\/index.php\/wp-json\/wp\/v2\/users\/1"}],"replies":[{"embeddable":true,"href":"https:\/\/matijavertovec.si\/index.php\/wp-json\/wp\/v2\/comments?post=242"}],"version-history":[{"count":3,"href":"https:\/\/matijavertovec.si\/index.php\/wp-json\/wp\/v2\/pages\/242\/revisions"}],"predecessor-version":[{"id":273,"href":"https:\/\/matijavertovec.si\/index.php\/wp-json\/wp\/v2\/pages\/242\/revisions\/273"}],"wp:attachment":[{"href":"https:\/\/matijavertovec.si\/index.php\/wp-json\/wp\/v2\/media?parent=242"}],"curies":[{"name":"wp","href":"https:\/\/api.w.org\/{rel}","templated":true}]}}