{"id":246,"date":"2023-11-10T14:47:48","date_gmt":"2023-11-10T13:47:48","guid":{"rendered":"https:\/\/matijavertovec.si\/?page_id=246"},"modified":"2024-03-07T15:27:01","modified_gmt":"2024-03-07T14:27:01","slug":"zemljevid-poti","status":"publish","type":"page","link":"https:\/\/matijavertovec.si\/index.php\/zemljevid-poti\/","title":{"rendered":"ZEMLJEVID POTI"},"content":{"rendered":"\n<h2 class=\"wp-block-heading\">PO VERTOV\u010cEVIH POTEH<\/h2>\n\n\n\n<p>Dol\u017eina poti: 17,7 km<br>Vzpon: 520 m<br>Spust: 520 m<br>Kro\u017ena pot<br>Te\u017eavnost poti: srednje zahtevna<\/p>\n\n\n\n<p class=\"has-text-align-justify\">Pohod po Vipavskih gri\u010dih nas pelje skozi vinograde in slikovite vipavske vasi, kjer je delal in \u017eivel duhovnik Matija Vertovec, strokovni pisec in u\u010ditelj vipavskih vinogradnikov. Prvi je v slovenskem jeziku pisal o vinogradni\u0161tvu, vinarstvu in kletarstvu, leta 1844 je izdal knjigo Vinoreja.<\/p>\n\n\n\n<figure class=\"wp-block-image size-large\"><a href=\"https:\/\/matijavertovec.si\/wp-content\/uploads\/2024\/03\/zgibanka_vertovceve_poti_zadnji_del_LEGENDE_pregled-01.jpg\" data-rel=\"lightbox-image-0\" data-rl_title=\"\" data-rl_caption=\"\" title=\"\"><img loading=\"lazy\" decoding=\"async\" width=\"1024\" height=\"1024\" src=\"https:\/\/matijavertovec.si\/wp-content\/uploads\/2024\/03\/zgibanka_vertovceve_poti_zadnji_del_LEGENDE_pregled-01-1024x1024.jpg\" alt=\"\" class=\"wp-image-436\" srcset=\"https:\/\/matijavertovec.si\/wp-content\/uploads\/2024\/03\/zgibanka_vertovceve_poti_zadnji_del_LEGENDE_pregled-01-1024x1024.jpg 1024w, https:\/\/matijavertovec.si\/wp-content\/uploads\/2024\/03\/zgibanka_vertovceve_poti_zadnji_del_LEGENDE_pregled-01-300x300.jpg 300w, https:\/\/matijavertovec.si\/wp-content\/uploads\/2024\/03\/zgibanka_vertovceve_poti_zadnji_del_LEGENDE_pregled-01-150x150.jpg 150w, https:\/\/matijavertovec.si\/wp-content\/uploads\/2024\/03\/zgibanka_vertovceve_poti_zadnji_del_LEGENDE_pregled-01-768x768.jpg 768w, https:\/\/matijavertovec.si\/wp-content\/uploads\/2024\/03\/zgibanka_vertovceve_poti_zadnji_del_LEGENDE_pregled-01-685x685.jpg 685w, https:\/\/matijavertovec.si\/wp-content\/uploads\/2024\/03\/zgibanka_vertovceve_poti_zadnji_del_LEGENDE_pregled-01-100x100.jpg 100w, https:\/\/matijavertovec.si\/wp-content\/uploads\/2024\/03\/zgibanka_vertovceve_poti_zadnji_del_LEGENDE_pregled-01.jpg 1279w\" sizes=\"auto, (max-width: 1024px) 100vw, 1024px\" \/><\/a><\/figure>\n","protected":false},"excerpt":{"rendered":"<p>PO VERTOV\u010cEVIH POTEH Dol\u017eina poti: 17,7 kmVzpon: 520 mSpust: 520 mKro\u017ena potTe\u017eavnost poti: srednje zahtevna Pohod po Vipavskih gri\u010dih nas pelje skozi vinograde in slikovite vipavske vasi, kjer je delal in \u017eivel duhovnik Matija Vertovec, strokovni pisec in u\u010ditelj vipavskih vinogradnikov. Prvi je v slovenskem jeziku pisal o vinogradni\u0161tvu, vinarstvu in kletarstvu, leta 1844 je &hellip; <a href=\"https:\/\/matijavertovec.si\/index.php\/zemljevid-poti\/\" class=\"more-link\">Preberi ve\u010d <span class=\"screen-reader-text\">ZEMLJEVID POTI<\/span><\/a><\/p>\n","protected":false},"author":1,"featured_media":0,"parent":0,"menu_order":0,"comment_status":"closed","ping_status":"closed","template":"","meta":{"ngg_post_thumbnail":0,"footnotes":""},"class_list":["post-246","page","type-page","status-publish","hentry"],"jetpack_sharing_enabled":true,"_links":{"self":[{"href":"https:\/\/matijavertovec.si\/index.php\/wp-json\/wp\/v2\/pages\/246","targetHints":{"allow":["GET"]}}],"collection":[{"href":"https:\/\/matijavertovec.si\/index.php\/wp-json\/wp\/v2\/pages"}],"about":[{"href":"https:\/\/matijavertovec.si\/index.php\/wp-json\/wp\/v2\/types\/page"}],"author":[{"embeddable":true,"href":"https:\/\/matijavertovec.si\/index.php\/wp-json\/wp\/v2\/users\/1"}],"replies":[{"embeddable":true,"href":"https:\/\/matijavertovec.si\/index.php\/wp-json\/wp\/v2\/comments?post=246"}],"version-history":[{"count":6,"href":"https:\/\/matijavertovec.si\/index.php\/wp-json\/wp\/v2\/pages\/246\/revisions"}],"predecessor-version":[{"id":440,"href":"https:\/\/matijavertovec.si\/index.php\/wp-json\/wp\/v2\/pages\/246\/revisions\/440"}],"wp:attachment":[{"href":"https:\/\/matijavertovec.si\/index.php\/wp-json\/wp\/v2\/media?parent=246"}],"curies":[{"name":"wp","href":"https:\/\/api.w.org\/{rel}","templated":true}]}}