{"id":251,"date":"2023-11-10T14:50:41","date_gmt":"2023-11-10T13:50:41","guid":{"rendered":"https:\/\/matijavertovec.si\/?page_id=251"},"modified":"2024-02-25T00:03:51","modified_gmt":"2024-02-24T23:03:51","slug":"pohodi","status":"publish","type":"page","link":"https:\/\/matijavertovec.si\/index.php\/pohodi\/","title":{"rendered":"POHODI"},"content":{"rendered":"\n<p><\/p>\n\n\n\n<p class=\"has-text-align-justify\"><br>Dru\u0161tvo Matija Vertovec pripravlja predpohod \u017ee tradicionalno en mesec pred glavnim pohodom, saj je organizacija obse\u017enega turisti\u010dno-pohodnega dogodka v Vipavski dolini zelo zahtevna. Namen predpohoda oziroma delovne akcije je \u010di\u0161\u010denje ter priprava pohodne poti \u2013 u\u010dvrstitev koli\u010dkov, rezanje odve\u010dnega grmi\u010devja pa tudi dru\u017eenja \u010dlanov dru\u0161tva, ki na dan glavnega pohoda delajo.<br><br><\/p>\n\n\n<div class=\"wp-block-image\">\n<figure class=\"aligncenter size-full\"><img loading=\"lazy\" decoding=\"async\" width=\"640\" height=\"475\" src=\"https:\/\/matijavertovec.si\/wp-content\/uploads\/2023\/11\/image-6.png\" alt=\"\" class=\"wp-image-277\" srcset=\"https:\/\/matijavertovec.si\/wp-content\/uploads\/2023\/11\/image-6.png 640w, https:\/\/matijavertovec.si\/wp-content\/uploads\/2023\/11\/image-6-300x223.png 300w\" sizes=\"auto, (max-width: 640px) 100vw, 640px\" \/><\/figure>\n<\/div>\n\n\n<p><br><strong>POHOD V SPOMIN STANETA BA\u010cARJA<\/strong><\/p>\n\n\n\n<p class=\"has-text-align-justify\">Nova informacijska tabla v Uhanjah pripoveduje o \u010dudoviti in nadvse bogati naravni dedi\u0161\u010dini v tej ozki dolini ob reki Vipavi. Besedilo za prej\u0161njo tablo je pripravil Stanislav Ba\u010dar. Novo besedilo je nekoliko osve\u017eeno ampak \u0161e vedno ohranja nek pristen in romanti\u010den odnos do koti\u010dka, kjer je otro\u0161tvo pre\u017eivljal doma\u010din in zgodovinar Stanislav Ba\u010dar.<br>Nova informacijska tabla v Uhanjah pripoveduje o \u010dudoviti in nadvse bogati naravni dedi\u0161\u010dini v tej ozki dolini ob reki Vipavi. Besedilo za prej\u0161njo tablo je pripravil Stanislav Ba\u010dar. Novo besedilo je nekoliko osve\u017eeno ampak \u0161e vedno ohranja nek pristen in romanti\u010den odnos do koti\u010dka, kjer je otro\u0161tvo pre\u017eivljal doma\u010din in zgodovinar Stanislav Ba\u010dar.<br><br><\/p>\n\n\n<div class=\"wp-block-image\">\n<figure class=\"aligncenter size-full\"><img loading=\"lazy\" decoding=\"async\" width=\"640\" height=\"470\" src=\"https:\/\/matijavertovec.si\/wp-content\/uploads\/2023\/11\/image-9.png\" alt=\"\" class=\"wp-image-283\" srcset=\"https:\/\/matijavertovec.si\/wp-content\/uploads\/2023\/11\/image-9.png 640w, https:\/\/matijavertovec.si\/wp-content\/uploads\/2023\/11\/image-9-300x220.png 300w\" sizes=\"auto, (max-width: 640px) 100vw, 640px\" \/><\/figure>\n<\/div>\n\n\n<p class=\"has-text-align-justify\"><br><\/p>\n","protected":false},"excerpt":{"rendered":"<p>Dru\u0161tvo Matija Vertovec pripravlja predpohod \u017ee tradicionalno en mesec pred glavnim pohodom, saj je organizacija obse\u017enega turisti\u010dno-pohodnega dogodka v Vipavski dolini zelo zahtevna. Namen predpohoda oziroma delovne akcije je \u010di\u0161\u010denje ter priprava pohodne poti \u2013 u\u010dvrstitev koli\u010dkov, rezanje odve\u010dnega grmi\u010devja pa tudi dru\u017eenja \u010dlanov dru\u0161tva, ki na dan glavnega pohoda delajo. POHOD V SPOMIN STANETA &hellip; <a href=\"https:\/\/matijavertovec.si\/index.php\/pohodi\/\" class=\"more-link\">Preberi ve\u010d <span class=\"screen-reader-text\">POHODI<\/span><\/a><\/p>\n","protected":false},"author":1,"featured_media":0,"parent":0,"menu_order":0,"comment_status":"closed","ping_status":"closed","template":"","meta":{"ngg_post_thumbnail":0,"footnotes":""},"class_list":["post-251","page","type-page","status-publish","hentry"],"jetpack_sharing_enabled":true,"_links":{"self":[{"href":"https:\/\/matijavertovec.si\/index.php\/wp-json\/wp\/v2\/pages\/251","targetHints":{"allow":["GET"]}}],"collection":[{"href":"https:\/\/matijavertovec.si\/index.php\/wp-json\/wp\/v2\/pages"}],"about":[{"href":"https:\/\/matijavertovec.si\/index.php\/wp-json\/wp\/v2\/types\/page"}],"author":[{"embeddable":true,"href":"https:\/\/matijavertovec.si\/index.php\/wp-json\/wp\/v2\/users\/1"}],"replies":[{"embeddable":true,"href":"https:\/\/matijavertovec.si\/index.php\/wp-json\/wp\/v2\/comments?post=251"}],"version-history":[{"count":10,"href":"https:\/\/matijavertovec.si\/index.php\/wp-json\/wp\/v2\/pages\/251\/revisions"}],"predecessor-version":[{"id":346,"href":"https:\/\/matijavertovec.si\/index.php\/wp-json\/wp\/v2\/pages\/251\/revisions\/346"}],"wp:attachment":[{"href":"https:\/\/matijavertovec.si\/index.php\/wp-json\/wp\/v2\/media?parent=251"}],"curies":[{"name":"wp","href":"https:\/\/api.w.org\/{rel}","templated":true}]}}