{"id":57,"date":"2023-10-25T15:49:30","date_gmt":"2023-10-25T15:49:30","guid":{"rendered":"https:\/\/matijavertovec.si\/?page_id=57"},"modified":"2023-11-29T20:07:34","modified_gmt":"2023-11-29T19:07:34","slug":"kontakt","status":"publish","type":"page","link":"https:\/\/matijavertovec.si\/index.php\/kontakt\/","title":{"rendered":"KONTAKT"},"content":{"rendered":"\n<p class=\"has-text-align-justify\"><strong>Dru\u0161tvo za odkrivanje in varovanje<br>naravnih in kulturnih vrednot<br>Matija Vertovec<\/strong><br><\/p>\n\n\n\n<p class=\"has-text-align-justify\"><strong>Naslov:<\/strong><br>Ustje 5<br>5270 Ajdov\u0161\u010dina<br><br>TRR: 0475 1000 1295 534<\/p>\n\n\n\n<p><strong>Kontakt:<\/strong><br>info@matijavertovec.si<br>+386 41 632 133 <br><br><\/p>\n\n\n\n<p>Kontaktirate nas lahko tudi preko spodnjega obrazca:<\/p>\n\n\n<div class=\"wp-block-jetpack-contact-form\"><a href=\"https:\/\/matijavertovec.si\/index.php\/kontakt\/\" target=\"_blank\" rel=\"noopener noreferrer\">Submit a form.<\/a><\/div>","protected":false},"excerpt":{"rendered":"<p>Dru\u0161tvo za odkrivanje in varovanjenaravnih in kulturnih vrednotMatija Vertovec Naslov:Ustje 55270 Ajdov\u0161\u010dina TRR: 0475 1000 1295 534 Kontakt:info@matijavertovec.si+386 41 632 133 Kontaktirate nas lahko tudi preko spodnjega obrazca:<\/p>\n","protected":false},"author":1,"featured_media":0,"parent":0,"menu_order":0,"comment_status":"closed","ping_status":"closed","template":"page-nosidebar.php","meta":{"ngg_post_thumbnail":0,"footnotes":""},"class_list":["post-57","page","type-page","status-publish","hentry"],"jetpack_sharing_enabled":true,"_links":{"self":[{"href":"https:\/\/matijavertovec.si\/index.php\/wp-json\/wp\/v2\/pages\/57","targetHints":{"allow":["GET"]}}],"collection":[{"href":"https:\/\/matijavertovec.si\/index.php\/wp-json\/wp\/v2\/pages"}],"about":[{"href":"https:\/\/matijavertovec.si\/index.php\/wp-json\/wp\/v2\/types\/page"}],"author":[{"embeddable":true,"href":"https:\/\/matijavertovec.si\/index.php\/wp-json\/wp\/v2\/users\/1"}],"replies":[{"embeddable":true,"href":"https:\/\/matijavertovec.si\/index.php\/wp-json\/wp\/v2\/comments?post=57"}],"version-history":[{"count":23,"href":"https:\/\/matijavertovec.si\/index.php\/wp-json\/wp\/v2\/pages\/57\/revisions"}],"predecessor-version":[{"id":340,"href":"https:\/\/matijavertovec.si\/index.php\/wp-json\/wp\/v2\/pages\/57\/revisions\/340"}],"wp:attachment":[{"href":"https:\/\/matijavertovec.si\/index.php\/wp-json\/wp\/v2\/media?parent=57"}],"curies":[{"name":"wp","href":"https:\/\/api.w.org\/{rel}","templated":true}]}}