{"id":663,"date":"2025-11-07T17:23:16","date_gmt":"2025-11-07T16:23:16","guid":{"rendered":"https:\/\/matijavertovec.si\/?page_id=663"},"modified":"2025-11-15T12:04:42","modified_gmt":"2025-11-15T11:04:42","slug":"priprave-na-23-pohod-po-vertovcevih-poteh-16-november-2025","status":"publish","type":"page","link":"https:\/\/matijavertovec.si\/index.php\/priprave-na-23-pohod-po-vertovcevih-poteh-16-november-2025\/","title":{"rendered":"PRIPRAVE NA 23.POHOD PO VERTOV\u010cEVIH POTEH &#8211; 16.november 2025"},"content":{"rendered":"\n<p>Na ob\u010dnem zboru dru\u0161tva je bilo dogovorjeno, da se v leto\u0161njem letu uredi naslednje dele poti in sicer:<\/p>\n\n\n\n<ul class=\"wp-block-list\">\n<li>Uredi \u0161e del suhozidja ob jezercu<\/li>\n\n\n\n<li>Spletno glasovanje Moja de\u017eela<\/li>\n\n\n\n<li>V sklopu projekta moja pobuda uredi pot Tev\u010de \u2013 Uhanje<\/li>\n\n\n\n<li>Opravi predpohod s \u010distilno akcijo na celotni trasi Vertov\u010deve poti<\/li>\n\n\n\n<li>Pripravi 23.pohod po Vertov\u010devih poteh<\/li>\n<\/ul>\n\n\n\n<ol class=\"wp-block-list\">\n<li><strong>SUHOZID<\/strong><\/li>\n<\/ol>\n\n\n\n<p>V soboto 17. maja smo ob 7. uri zjutraj pri\u010deli s prakti\u010dno delavnico. Z gradbenim strojem smo odstranili ostanke obstoje\u010dega dela suhega zidu ter o\u010distili tla do trde podlage. Pod vodstvom mojstra suhozidja Borisa \u010coka smo pri\u010deli z gradnjo. Po postavitvi te\u017ejih kamnov, te smo postavili z gradbenim strojem, smo pri\u010deli z zidanjem ro\u010dno. Mojster \u010cok nas je s \u0161e tremi sodelavci usmerjal, kako in kam postaviti posamezne kamne. Postopoma nam je \u0161lo vedno bolje in zid je po\u010dasi rasel. Opravili smo lep del izgradnje zidu. Ostalo ga je pa \u0161e en de, katerega bomo uredili spomladi 2026<\/p>\n\n\n\n<figure class=\"wp-block-image size-large\"><img loading=\"lazy\" decoding=\"async\" width=\"1024\" height=\"768\" src=\"https:\/\/matijavertovec.si\/wp-content\/uploads\/2025\/11\/image-11-1024x768.jpeg\" alt=\"\" class=\"wp-image-666\" srcset=\"https:\/\/matijavertovec.si\/wp-content\/uploads\/2025\/11\/image-11-1024x768.jpeg 1024w, https:\/\/matijavertovec.si\/wp-content\/uploads\/2025\/11\/image-11-300x225.jpeg 300w, https:\/\/matijavertovec.si\/wp-content\/uploads\/2025\/11\/image-11-768x576.jpeg 768w, https:\/\/matijavertovec.si\/wp-content\/uploads\/2025\/11\/image-11-1536x1152.jpeg 1536w, https:\/\/matijavertovec.si\/wp-content\/uploads\/2025\/11\/image-11-685x514.jpeg 685w, https:\/\/matijavertovec.si\/wp-content\/uploads\/2025\/11\/image-11.jpeg 1600w\" sizes=\"auto, (max-width: 1024px) 100vw, 1024px\" \/><\/figure>\n\n\n\n<figure class=\"wp-block-image size-large\"><img loading=\"lazy\" decoding=\"async\" width=\"1024\" height=\"768\" src=\"https:\/\/matijavertovec.si\/wp-content\/uploads\/2025\/11\/image-10-1024x768.jpeg\" alt=\"\" class=\"wp-image-665\" srcset=\"https:\/\/matijavertovec.si\/wp-content\/uploads\/2025\/11\/image-10-1024x768.jpeg 1024w, https:\/\/matijavertovec.si\/wp-content\/uploads\/2025\/11\/image-10-300x225.jpeg 300w, https:\/\/matijavertovec.si\/wp-content\/uploads\/2025\/11\/image-10-768x576.jpeg 768w, https:\/\/matijavertovec.si\/wp-content\/uploads\/2025\/11\/image-10-1536x1152.jpeg 1536w, https:\/\/matijavertovec.si\/wp-content\/uploads\/2025\/11\/image-10-685x514.jpeg 685w, https:\/\/matijavertovec.si\/wp-content\/uploads\/2025\/11\/image-10.jpeg 1600w\" sizes=\"auto, (max-width: 1024px) 100vw, 1024px\" \/><\/figure>\n\n\n\n<figure class=\"wp-block-image size-large\"><img loading=\"lazy\" decoding=\"async\" width=\"1024\" height=\"768\" src=\"https:\/\/matijavertovec.si\/wp-content\/uploads\/2025\/11\/image-19-1024x768.jpeg\" alt=\"\" class=\"wp-image-674\" srcset=\"https:\/\/matijavertovec.si\/wp-content\/uploads\/2025\/11\/image-19-1024x768.jpeg 1024w, https:\/\/matijavertovec.si\/wp-content\/uploads\/2025\/11\/image-19-300x225.jpeg 300w, https:\/\/matijavertovec.si\/wp-content\/uploads\/2025\/11\/image-19-768x576.jpeg 768w, https:\/\/matijavertovec.si\/wp-content\/uploads\/2025\/11\/image-19-1536x1152.jpeg 1536w, https:\/\/matijavertovec.si\/wp-content\/uploads\/2025\/11\/image-19-685x514.jpeg 685w, https:\/\/matijavertovec.si\/wp-content\/uploads\/2025\/11\/image-19.jpeg 1600w\" sizes=\"auto, (max-width: 1024px) 100vw, 1024px\" \/><\/figure>\n\n\n\n<figure class=\"wp-block-image size-large\"><img loading=\"lazy\" decoding=\"async\" width=\"768\" height=\"1024\" src=\"https:\/\/matijavertovec.si\/wp-content\/uploads\/2025\/11\/image-24-768x1024.jpeg\" alt=\"\" class=\"wp-image-679\" srcset=\"https:\/\/matijavertovec.si\/wp-content\/uploads\/2025\/11\/image-24-768x1024.jpeg 768w, https:\/\/matijavertovec.si\/wp-content\/uploads\/2025\/11\/image-24-225x300.jpeg 225w, https:\/\/matijavertovec.si\/wp-content\/uploads\/2025\/11\/image-24-1152x1536.jpeg 1152w, https:\/\/matijavertovec.si\/wp-content\/uploads\/2025\/11\/image-24-685x913.jpeg 685w, https:\/\/matijavertovec.si\/wp-content\/uploads\/2025\/11\/image-24.jpeg 1200w\" sizes=\"auto, (max-width: 768px) 100vw, 768px\" \/><\/figure>\n\n\n\n<figure class=\"wp-block-image size-large\"><img loading=\"lazy\" decoding=\"async\" width=\"1024\" height=\"768\" src=\"https:\/\/matijavertovec.si\/wp-content\/uploads\/2025\/11\/image-14-1024x768.jpeg\" alt=\"\" class=\"wp-image-669\" srcset=\"https:\/\/matijavertovec.si\/wp-content\/uploads\/2025\/11\/image-14-1024x768.jpeg 1024w, https:\/\/matijavertovec.si\/wp-content\/uploads\/2025\/11\/image-14-300x225.jpeg 300w, https:\/\/matijavertovec.si\/wp-content\/uploads\/2025\/11\/image-14-768x576.jpeg 768w, https:\/\/matijavertovec.si\/wp-content\/uploads\/2025\/11\/image-14-1536x1152.jpeg 1536w, https:\/\/matijavertovec.si\/wp-content\/uploads\/2025\/11\/image-14-685x514.jpeg 685w, https:\/\/matijavertovec.si\/wp-content\/uploads\/2025\/11\/image-14.jpeg 1600w\" sizes=\"auto, (max-width: 1024px) 100vw, 1024px\" \/><\/figure>\n\n\n\n<ol start=\"2\" class=\"wp-block-list\">\n<li><strong>SPLETNO GLASOVANJE<\/strong><\/li>\n<\/ol>\n\n\n\n<p>TZS je v poletnem \u010dasu razpisala glasovanje naj destinacije po Sloveniji \u2013 MOJA DE\u017dELA. Med te je bila uvr\u0161\u010dena tematska pot PO VERTOV\u010cEVIH POTEH.<\/p>\n\n\n\n<p>Po ogledu poti s strani Komisije TZS, je bilo od 15. septembra do 15. oktobra spletno glasovanje. Vertov\u010deva pot se je v rangu tematskih poti uvrstila na drugo mesto.<\/p>\n\n\n\n<ol start=\"3\" class=\"wp-block-list\">\n<li><strong>POT TEV\u010cE &#8211;&nbsp; UHANJE<\/strong><\/li>\n<\/ol>\n\n\n\n<p>Na ob\u010dinskem razpisu Moja pobuda, smo predstavniki dru\u0161tva dali pobudo za ureditev dela Vertov\u010dve poti med Tev\u010dami in Uhanjami. Ta del poti je de\u017eevje zelo po\u0161kodovalo. Potrebno je bilo urediti odvodnjavanje in ponovno utrditi celotno pot. Projekt je bil izglasovan in dana je bila zelena lu\u010d za izvedbo teh del.<\/p>\n\n\n\n<p>Izvajalec del GRAMETI je dobro opravil vsa dela. Pot je bila zaklju\u010dena 21 oktobra. Otvoritev bo izvedena na dan Vertov\u010devega pohoda, saj pri\u010dakujemo, da bo po njej, \u010de bo vreme le primerno, hodilo ve\u010d kot 5000 pohodnikov.<\/p>\n\n\n\n<figure class=\"wp-block-image size-large\"><img loading=\"lazy\" decoding=\"async\" width=\"1024\" height=\"768\" src=\"https:\/\/matijavertovec.si\/wp-content\/uploads\/2025\/11\/image-15-1024x768.jpeg\" alt=\"\" class=\"wp-image-670\" srcset=\"https:\/\/matijavertovec.si\/wp-content\/uploads\/2025\/11\/image-15-1024x768.jpeg 1024w, https:\/\/matijavertovec.si\/wp-content\/uploads\/2025\/11\/image-15-300x225.jpeg 300w, https:\/\/matijavertovec.si\/wp-content\/uploads\/2025\/11\/image-15-768x576.jpeg 768w, https:\/\/matijavertovec.si\/wp-content\/uploads\/2025\/11\/image-15-1536x1152.jpeg 1536w, https:\/\/matijavertovec.si\/wp-content\/uploads\/2025\/11\/image-15-685x514.jpeg 685w, https:\/\/matijavertovec.si\/wp-content\/uploads\/2025\/11\/image-15.jpeg 1600w\" sizes=\"auto, (max-width: 1024px) 100vw, 1024px\" \/><\/figure>\n\n\n\n<figure class=\"wp-block-image size-large\"><img loading=\"lazy\" decoding=\"async\" width=\"768\" height=\"1024\" src=\"https:\/\/matijavertovec.si\/wp-content\/uploads\/2025\/11\/image-18-768x1024.jpeg\" alt=\"\" class=\"wp-image-673\" srcset=\"https:\/\/matijavertovec.si\/wp-content\/uploads\/2025\/11\/image-18-768x1024.jpeg 768w, https:\/\/matijavertovec.si\/wp-content\/uploads\/2025\/11\/image-18-225x300.jpeg 225w, https:\/\/matijavertovec.si\/wp-content\/uploads\/2025\/11\/image-18-1152x1536.jpeg 1152w, https:\/\/matijavertovec.si\/wp-content\/uploads\/2025\/11\/image-18-685x913.jpeg 685w, https:\/\/matijavertovec.si\/wp-content\/uploads\/2025\/11\/image-18.jpeg 1200w\" sizes=\"auto, (max-width: 768px) 100vw, 768px\" \/><\/figure>\n\n\n\n<figure class=\"wp-block-image size-large\"><img loading=\"lazy\" decoding=\"async\" width=\"768\" height=\"1024\" src=\"https:\/\/matijavertovec.si\/wp-content\/uploads\/2025\/11\/image-20-768x1024.jpeg\" alt=\"\" class=\"wp-image-675\" srcset=\"https:\/\/matijavertovec.si\/wp-content\/uploads\/2025\/11\/image-20-768x1024.jpeg 768w, https:\/\/matijavertovec.si\/wp-content\/uploads\/2025\/11\/image-20-225x300.jpeg 225w, https:\/\/matijavertovec.si\/wp-content\/uploads\/2025\/11\/image-20-1152x1536.jpeg 1152w, https:\/\/matijavertovec.si\/wp-content\/uploads\/2025\/11\/image-20-685x913.jpeg 685w, https:\/\/matijavertovec.si\/wp-content\/uploads\/2025\/11\/image-20.jpeg 1200w\" sizes=\"auto, (max-width: 768px) 100vw, 768px\" \/><\/figure>\n\n\n\n<figure class=\"wp-block-image size-large\"><img loading=\"lazy\" decoding=\"async\" width=\"768\" height=\"1024\" src=\"https:\/\/matijavertovec.si\/wp-content\/uploads\/2025\/11\/image-16-768x1024.jpeg\" alt=\"\" class=\"wp-image-671\" srcset=\"https:\/\/matijavertovec.si\/wp-content\/uploads\/2025\/11\/image-16-768x1024.jpeg 768w, https:\/\/matijavertovec.si\/wp-content\/uploads\/2025\/11\/image-16-225x300.jpeg 225w, https:\/\/matijavertovec.si\/wp-content\/uploads\/2025\/11\/image-16-1152x1536.jpeg 1152w, https:\/\/matijavertovec.si\/wp-content\/uploads\/2025\/11\/image-16-685x913.jpeg 685w, https:\/\/matijavertovec.si\/wp-content\/uploads\/2025\/11\/image-16.jpeg 1200w\" sizes=\"auto, (max-width: 768px) 100vw, 768px\" \/><\/figure>\n\n\n\n<figure class=\"wp-block-image size-large\"><img loading=\"lazy\" decoding=\"async\" width=\"1024\" height=\"768\" src=\"https:\/\/matijavertovec.si\/wp-content\/uploads\/2025\/11\/image-22-1024x768.jpeg\" alt=\"\" class=\"wp-image-677\" srcset=\"https:\/\/matijavertovec.si\/wp-content\/uploads\/2025\/11\/image-22-1024x768.jpeg 1024w, https:\/\/matijavertovec.si\/wp-content\/uploads\/2025\/11\/image-22-300x225.jpeg 300w, https:\/\/matijavertovec.si\/wp-content\/uploads\/2025\/11\/image-22-768x576.jpeg 768w, https:\/\/matijavertovec.si\/wp-content\/uploads\/2025\/11\/image-22-1536x1152.jpeg 1536w, https:\/\/matijavertovec.si\/wp-content\/uploads\/2025\/11\/image-22-685x514.jpeg 685w, https:\/\/matijavertovec.si\/wp-content\/uploads\/2025\/11\/image-22.jpeg 1600w\" sizes=\"auto, (max-width: 1024px) 100vw, 1024px\" \/><\/figure>\n\n\n\n<figure class=\"wp-block-image size-large\"><img loading=\"lazy\" decoding=\"async\" width=\"1024\" height=\"768\" src=\"https:\/\/matijavertovec.si\/wp-content\/uploads\/2025\/11\/image-12-1024x768.jpeg\" alt=\"\" class=\"wp-image-667\" srcset=\"https:\/\/matijavertovec.si\/wp-content\/uploads\/2025\/11\/image-12-1024x768.jpeg 1024w, https:\/\/matijavertovec.si\/wp-content\/uploads\/2025\/11\/image-12-300x225.jpeg 300w, https:\/\/matijavertovec.si\/wp-content\/uploads\/2025\/11\/image-12-768x576.jpeg 768w, https:\/\/matijavertovec.si\/wp-content\/uploads\/2025\/11\/image-12-1536x1152.jpeg 1536w, https:\/\/matijavertovec.si\/wp-content\/uploads\/2025\/11\/image-12-685x514.jpeg 685w, https:\/\/matijavertovec.si\/wp-content\/uploads\/2025\/11\/image-12.jpeg 1600w\" sizes=\"auto, (max-width: 1024px) 100vw, 1024px\" \/><\/figure>\n\n\n\n<ol start=\"4\" class=\"wp-block-list\">\n<li><strong>DRU\u0160TVENI PREDPOHOD Z DELOVNO AKCIJO<\/strong><\/li>\n<\/ol>\n\n\n\n<p>Sobota, 18. oktober 2025<\/p>\n\n\n\n<p>Tako kot vsako leto, smo se tudi letos \u010dlani in prijatelji dru\u0161tva odpravili na dru\u0161tveni pohod, ki smo ga izkoristili za dru\u017eenje, predvsem pa za urejanje poti.<\/p>\n\n\n\n<p>Postrigli smo vejice, popravili oznake in smerne table ter o\u010distili nepotrebno navlako ob poti.<\/p>\n\n\n\n<p>Vreme je bilo \u010dudovito. Sijalo je sonce in bilo je kar toplo za to letno obdobje.<\/p>\n\n\n\n<p>Dru\u0161tvo Matija Vertovec se vsem udele\u017eencem na\u0161e akcije iskreno zahvaljuje.<\/p>\n\n\n\n<figure class=\"wp-block-image size-large\"><img loading=\"lazy\" decoding=\"async\" width=\"1024\" height=\"768\" src=\"https:\/\/matijavertovec.si\/wp-content\/uploads\/2025\/11\/image-13-1024x768.jpeg\" alt=\"\" class=\"wp-image-668\" srcset=\"https:\/\/matijavertovec.si\/wp-content\/uploads\/2025\/11\/image-13-1024x768.jpeg 1024w, https:\/\/matijavertovec.si\/wp-content\/uploads\/2025\/11\/image-13-300x225.jpeg 300w, https:\/\/matijavertovec.si\/wp-content\/uploads\/2025\/11\/image-13-768x576.jpeg 768w, https:\/\/matijavertovec.si\/wp-content\/uploads\/2025\/11\/image-13-1536x1152.jpeg 1536w, https:\/\/matijavertovec.si\/wp-content\/uploads\/2025\/11\/image-13-685x514.jpeg 685w, https:\/\/matijavertovec.si\/wp-content\/uploads\/2025\/11\/image-13.jpeg 1600w\" sizes=\"auto, (max-width: 1024px) 100vw, 1024px\" \/><\/figure>\n\n\n\n<figure class=\"wp-block-image size-large\"><img loading=\"lazy\" decoding=\"async\" width=\"1024\" height=\"768\" src=\"https:\/\/matijavertovec.si\/wp-content\/uploads\/2025\/11\/image-23-1024x768.jpeg\" alt=\"\" class=\"wp-image-678\" srcset=\"https:\/\/matijavertovec.si\/wp-content\/uploads\/2025\/11\/image-23-1024x768.jpeg 1024w, https:\/\/matijavertovec.si\/wp-content\/uploads\/2025\/11\/image-23-300x225.jpeg 300w, https:\/\/matijavertovec.si\/wp-content\/uploads\/2025\/11\/image-23-768x576.jpeg 768w, https:\/\/matijavertovec.si\/wp-content\/uploads\/2025\/11\/image-23-1536x1152.jpeg 1536w, https:\/\/matijavertovec.si\/wp-content\/uploads\/2025\/11\/image-23-685x514.jpeg 685w, https:\/\/matijavertovec.si\/wp-content\/uploads\/2025\/11\/image-23.jpeg 1600w\" sizes=\"auto, (max-width: 1024px) 100vw, 1024px\" \/><\/figure>\n\n\n\n<figure class=\"wp-block-image size-large\"><img loading=\"lazy\" decoding=\"async\" width=\"1024\" height=\"768\" src=\"https:\/\/matijavertovec.si\/wp-content\/uploads\/2025\/11\/image-21-1024x768.jpeg\" alt=\"\" class=\"wp-image-676\" srcset=\"https:\/\/matijavertovec.si\/wp-content\/uploads\/2025\/11\/image-21-1024x768.jpeg 1024w, https:\/\/matijavertovec.si\/wp-content\/uploads\/2025\/11\/image-21-300x225.jpeg 300w, https:\/\/matijavertovec.si\/wp-content\/uploads\/2025\/11\/image-21-768x576.jpeg 768w, https:\/\/matijavertovec.si\/wp-content\/uploads\/2025\/11\/image-21-1536x1152.jpeg 1536w, https:\/\/matijavertovec.si\/wp-content\/uploads\/2025\/11\/image-21-685x514.jpeg 685w, https:\/\/matijavertovec.si\/wp-content\/uploads\/2025\/11\/image-21.jpeg 1600w\" sizes=\"auto, (max-width: 1024px) 100vw, 1024px\" \/><\/figure>\n\n\n\n<figure class=\"wp-block-image size-large\"><img loading=\"lazy\" decoding=\"async\" width=\"1024\" height=\"768\" src=\"https:\/\/matijavertovec.si\/wp-content\/uploads\/2025\/11\/image-17-1024x768.jpeg\" alt=\"\" class=\"wp-image-672\" srcset=\"https:\/\/matijavertovec.si\/wp-content\/uploads\/2025\/11\/image-17-1024x768.jpeg 1024w, https:\/\/matijavertovec.si\/wp-content\/uploads\/2025\/11\/image-17-300x225.jpeg 300w, https:\/\/matijavertovec.si\/wp-content\/uploads\/2025\/11\/image-17-768x576.jpeg 768w, https:\/\/matijavertovec.si\/wp-content\/uploads\/2025\/11\/image-17-1536x1152.jpeg 1536w, https:\/\/matijavertovec.si\/wp-content\/uploads\/2025\/11\/image-17-685x514.jpeg 685w, https:\/\/matijavertovec.si\/wp-content\/uploads\/2025\/11\/image-17.jpeg 1600w\" sizes=\"auto, (max-width: 1024px) 100vw, 1024px\" \/><\/figure>\n\n\n\n<ol start=\"5\" class=\"wp-block-list\">\n<li><strong>PRIPRAVE NA 23. POHOD PO VERTOV\u010cEVIH POTEH<\/strong><\/li>\n<\/ol>\n\n\n\n<p>\ud835\udc0f\ud835\udc11\ud835\udc0e\ud835\udc06\ud835\udc11\ud835\udc00\ud835\udc0c \ud835\udc0f\ud835\udc0e\ud835\udc07\ud835\udc0e\ud835\udc03\ud835\udc00<\/p>\n\n\n\n<p>7.00 \u2013 9.00 \u2013 jutranja dobrodo\u0161lica pod hrastom \u2013 pogostitev s \u010dajem in kavo ter informacijami<\/p>\n\n\n\n<p>&#8211; cerkvica sv. Marjete bo odprta za ogled, pa tudi kak pribolj\u0161ek bo zraven<\/p>\n\n\n\n<p>&#8211; na osrednjem va\u0161kem placu na Planini bodo za gostoljubje poskrbeli doma\u010dini, pa tudi kaj za hiter zajtrk se bo na\u0161lo<\/p>\n\n\n\n<p>&#8211; pri Jezercu bo zadi\u0161alo po pe\u010denem kostanju<\/p>\n\n\n\n<p>&#8211; pod Ojstrim vrhom vas bo za pot na vrh opogumljal Jo\u017ee s svojimi \u017eganjicami, letos v ve\u010dji novi baraki<\/p>\n\n\n\n<p>&#8211; v Potoku pri Vrtovcu bo poku\u0161ina vin.<\/p>\n\n\n\n<p>&#8211; V Jakulinih bo odprta rojstna hi\u0161a Matija Vertovca s kavo in \u010dajem<\/p>\n\n\n\n<p>\ud835\udc0e\ud835\udc12\ud835\udc11\ud835\udc04\ud835\udc03\ud835\udc0d\ud835\udc09\ud835\udc08 \ud835\udc0f\ud835\udc0e\ud835\udc12\ud835\udc13\ud835\udc00\ud835\udc0d\ud835\udc04\ud835\udc0a \ud835\udc01\ud835\udc0e \ud835\udc15 \ud835\udc12\u030c\ud835\udc0c\ud835\udc00\ud835\udc11\ud835\udc09\ud835\udc00\ud835\udc07<\/p>\n\n\n\n<p>10.30 \u2013 ma\u0161a za pohodnike v cerkvi Marijinega imena<\/p>\n\n\n\n<p>11.30 \u2013 tradicionalna proslava pred spomenikom Matije Vertovca pri cerkvi<\/p>\n\n\n\n<p>&#8211; v kulturnem programu bosta nastopila Oktet Soto\u010dje in Folklorna skupina Vipava. O Matiju Vertovcu bo spegovoril Boris Je\u017e. <\/p>\n\n\n\n<p>&#8211; topla malica po zmerni ceni (7 eur) na igri\u0161\u010du med 9 in 14 uro<\/p>\n\n\n\n<p>&#8211; v spominski sobi Matije Vertovca bo Tambura\u0161ki orkester Danica iz Dobravelj<\/p>\n\n\n\n<p>&#8211; na Vrtov\u010dah bodo doma\u010dini poskrbeli, da ne bo manjkalo doma\u010dih dobrot<\/p>\n\n\n\n<p>&#8211; tudi v Tev\u010dah se bo na\u0161lo kaj za popit in za pojest<\/p>\n\n\n\n<p>&#8211; na Uhanjah bo \u0161e predzadnja okrep\u010devalna to\u010dka<\/p>\n\n\n\n<p>\ud835\udc19\ud835\udc00\ud835\udc0a\ud835\udc0b\ud835\udc09\ud835\udc14\ud835\udc02\u030c\ud835\udc04\ud835\udc0a \ud835\udc0f\ud835\udc0e\ud835\udc07\ud835\udc0e\ud835\udc03\ud835\udc00 \ud835\udc0f\ud835\udc0e\ud835\udc03 \ud835\udc0c\ud835\udc0e\ud835\udc06\ud835\udc0e\ud835\udc02\u030c\ud835\udc08\ud835\udc0c \ud835\udc07\ud835\udc11\ud835\udc00\ud835\udc12\ud835\udc13\ud835\udc0e\ud835\udc0c<\/p>\n\n\n\n<p>&#8211; na zaklju\u010dku poti nas bo pri\u010dakala bogato oblo\u017eena kme\u010dka tr\u017enica, tu si boste lahko nakupili pridelkov in izdelkov za domov<\/p>\n\n\n\n<p>&#8211; tu bo mogo\u010de \u0161templjati va\u0161 pohodni karton\u010dek, pohodniki, ki ste prehodili vseh 23. poti, pa prejmete nagrado<\/p>\n\n\n\n<p>&#8211; veselo dru\u017eenje do mraka.<\/p>\n\n\n\n<p>Za tiste, ki bo pot predolga oz. prenaporna si lahko zagotovite od Vrtov\u010d naprej prevoz s klicem na telefon 041 590 222<\/p>\n\n\n\n<p>Za vsa dodatna vpra\u0161anja smo na voljo preko elektronske po\u0161te lozej.ustje@gmail.com.<\/p>\n\n\n\n<figure class=\"wp-block-image size-large\"><img loading=\"lazy\" decoding=\"async\" width=\"1024\" height=\"683\" src=\"https:\/\/matijavertovec.si\/wp-content\/uploads\/2025\/11\/image-9-1024x683.jpeg\" alt=\"\" class=\"wp-image-664\" srcset=\"https:\/\/matijavertovec.si\/wp-content\/uploads\/2025\/11\/image-9-1024x683.jpeg 1024w, https:\/\/matijavertovec.si\/wp-content\/uploads\/2025\/11\/image-9-300x200.jpeg 300w, https:\/\/matijavertovec.si\/wp-content\/uploads\/2025\/11\/image-9-768x512.jpeg 768w, https:\/\/matijavertovec.si\/wp-content\/uploads\/2025\/11\/image-9-685x457.jpeg 685w, https:\/\/matijavertovec.si\/wp-content\/uploads\/2025\/11\/image-9-342x228.jpeg 342w, https:\/\/matijavertovec.si\/wp-content\/uploads\/2025\/11\/image-9.jpeg 1500w\" sizes=\"auto, (max-width: 1024px) 100vw, 1024px\" \/><\/figure>\n","protected":false},"excerpt":{"rendered":"<p>Na ob\u010dnem zboru dru\u0161tva je bilo dogovorjeno, da se v leto\u0161njem letu uredi naslednje dele poti in sicer: V soboto 17. maja smo ob 7. uri zjutraj pri\u010deli s prakti\u010dno delavnico. Z gradbenim strojem smo odstranili ostanke obstoje\u010dega dela suhega zidu ter o\u010distili tla do trde podlage. Pod vodstvom mojstra suhozidja Borisa \u010coka smo pri\u010deli &hellip; <a href=\"https:\/\/matijavertovec.si\/index.php\/priprave-na-23-pohod-po-vertovcevih-poteh-16-november-2025\/\" class=\"more-link\">Preberi ve\u010d <span class=\"screen-reader-text\">PRIPRAVE NA 23.POHOD PO VERTOV\u010cEVIH POTEH &#8211; 16.november 2025<\/span><\/a><\/p>\n","protected":false},"author":1,"featured_media":0,"parent":0,"menu_order":0,"comment_status":"closed","ping_status":"closed","template":"","meta":{"ngg_post_thumbnail":0,"footnotes":""},"class_list":["post-663","page","type-page","status-publish","hentry"],"jetpack_sharing_enabled":true,"_links":{"self":[{"href":"https:\/\/matijavertovec.si\/index.php\/wp-json\/wp\/v2\/pages\/663","targetHints":{"allow":["GET"]}}],"collection":[{"href":"https:\/\/matijavertovec.si\/index.php\/wp-json\/wp\/v2\/pages"}],"about":[{"href":"https:\/\/matijavertovec.si\/index.php\/wp-json\/wp\/v2\/types\/page"}],"author":[{"embeddable":true,"href":"https:\/\/matijavertovec.si\/index.php\/wp-json\/wp\/v2\/users\/1"}],"replies":[{"embeddable":true,"href":"https:\/\/matijavertovec.si\/index.php\/wp-json\/wp\/v2\/comments?post=663"}],"version-history":[{"count":3,"href":"https:\/\/matijavertovec.si\/index.php\/wp-json\/wp\/v2\/pages\/663\/revisions"}],"predecessor-version":[{"id":705,"href":"https:\/\/matijavertovec.si\/index.php\/wp-json\/wp\/v2\/pages\/663\/revisions\/705"}],"wp:attachment":[{"href":"https:\/\/matijavertovec.si\/index.php\/wp-json\/wp\/v2\/media?parent=663"}],"curies":[{"name":"wp","href":"https:\/\/api.w.org\/{rel}","templated":true}]}}